{"id":13,"date":"2023-10-04T17:51:01","date_gmt":"2023-10-04T15:51:01","guid":{"rendered":"http:\/\/eprocurement.marketing-pardubice.cz\/index.php\/subscription-plan\/"},"modified":"2023-10-16T07:54:13","modified_gmt":"2023-10-16T05:54:13","slug":"aktivace-predplatneho","status":"publish","type":"page","link":"https:\/\/www.eprocurement.tv\/pl\/aktivace-predplatneho\/","title":{"rendered":"Aktivace p\u0159edplatn\u00e9ho"},"content":{"rendered":"<div class=\"ich_level_wrap ihc_level_template_4\"><div class=\"ihc-level-item\"><div class=\"ihc-level-item-wrap\"><div class=\"ihc-level-item-top\"><div class=\"ihc-level-item-title\">Individualni p\u0159edplatn\u00e9<\/div><\/div><div class=\"ihc-level-item-content\"><\/div><div class=\"ihc-level-item-bottom\"><div class=\"ihc-level-item-price\"><\/div><div class=\"ihc-level-item-link-wrap\"><div onclick=\"ihcBuyNewLevel('https:\/\/www.eprocurement.tv\/pl\/registrace\/?lid=5');\" class=\"ihc-level-item-link  ihc-cursor-pointer\">Sign Up<\/div><\/div><div class=\"iump-clear\"><\/div><\/div><\/div><\/div><div class=\"ihc-level-item\"><div class=\"ihc-level-item-wrap\"><div class=\"ihc-level-item-top\"><div class=\"ihc-level-item-title\">firemn\u00ed p\u0159edplatn\u00e9-z\u00e1kladn\u00ed<\/div><\/div><div class=\"ihc-level-item-content\"><\/div><div class=\"ihc-level-item-bottom\"><div class=\"ihc-level-item-price\"><\/div><div class=\"ihc-level-item-link-wrap\"><div onclick=\"ihcBuyNewLevel('https:\/\/www.eprocurement.tv\/pl\/registrace\/?lid=4');\" class=\"ihc-level-item-link  ihc-cursor-pointer\">Sign Up<\/div><\/div><div class=\"iump-clear\"><\/div><\/div><\/div><\/div><div class=\"ihc-level-item\"><div class=\"ihc-level-item-wrap\"><div class=\"ihc-level-item-top\"><div class=\"ihc-level-item-title\">firemn\u00ed p\u0159edplatn\u00e9-kolektivni<\/div><\/div><div class=\"ihc-level-item-content\"><\/div><div class=\"ihc-level-item-bottom\"><div class=\"ihc-level-item-price\"><\/div><div class=\"ihc-level-item-link-wrap\"><div onclick=\"ihcBuyNewLevel('https:\/\/www.eprocurement.tv\/pl\/registrace\/?lid=8');\" class=\"ihc-level-item-link  ihc-cursor-pointer\">Objednat kolektivn\u00ed \u010dlenstv\u00ed na 1 rok<\/div><\/div><div class=\"iump-clear\"><\/div><\/div><\/div><\/div><div class=\"ihc-level-item\"><div class=\"ihc-level-item-wrap\"><div class=\"ihc-level-item-top\"><div class=\"ihc-level-item-title\">K1 Vyjedn\u00e1v\u00e1n\u00ed<\/div><\/div><div class=\"ihc-level-item-content\">popiska kurzu<\/div><div class=\"ihc-level-item-bottom\"><div class=\"ihc-level-item-price\"><\/div><div class=\"ihc-level-item-link-wrap\"><div onclick=\"ihcBuyNewLevel('https:\/\/www.eprocurement.tv\/pl\/registrace\/?lid=10');\" class=\"ihc-level-item-link  ihc-cursor-pointer\">Koupit kurz<\/div><\/div><div class=\"iump-clear\"><\/div><\/div><\/div><\/div><div class=\"ihc-level-item\"><div class=\"ihc-level-item-wrap\"><div class=\"ihc-level-item-top\"><div class=\"ihc-level-item-title\">P\u0159\u00edstup k: Benchmark<\/div><\/div><div class=\"ihc-level-item-content\"><\/div><div class=\"ihc-level-item-bottom\"><div class=\"ihc-level-item-price\"><\/div><div class=\"ihc-level-item-link-wrap\"><div onclick=\"ihcBuyNewLevel('https:\/\/www.eprocurement.tv\/pl\/registrace\/?lid=11');\" class=\"ihc-level-item-link  ihc-cursor-pointer\">Sign Up<\/div><\/div><div class=\"iump-clear\"><\/div><\/div><\/div><\/div><div class=\"ihc-level-item\"><div class=\"ihc-level-item-wrap\"><div class=\"ihc-level-item-top\"><div class=\"ihc-level-item-title\">p\u0159\u00edstup ke kurzu Kybernetick\u00e1 bezpe\u010dnost<\/div><\/div><div class=\"ihc-level-item-content\"><\/div><div class=\"ihc-level-item-bottom\"><div class=\"ihc-level-item-price\"><\/div><div class=\"ihc-level-item-link-wrap\"><div onclick=\"ihcBuyNewLevel('https:\/\/www.eprocurement.tv\/pl\/registrace\/?lid=13');\" class=\"ihc-level-item-link  ihc-cursor-pointer\">Sign Up<\/div><\/div><div class=\"iump-clear\"><\/div><\/div><\/div><\/div><div class=\"ihc-level-item\"><div class=\"ihc-level-item-wrap\"><div class=\"ihc-level-item-top\"><div class=\"ihc-level-item-title\">p\u0159\u00edstup k: Kvalifikace \u2013 kladivo na nekvalitn\u00ed dodavatele?<\/div><\/div><div class=\"ihc-level-item-content\"><\/div><div class=\"ihc-level-item-bottom\"><div class=\"ihc-level-item-price\"><\/div><div class=\"ihc-level-item-link-wrap\"><div onclick=\"ihcBuyNewLevel('https:\/\/www.eprocurement.tv\/pl\/registrace\/?lid=14');\" class=\"ihc-level-item-link  ihc-cursor-pointer\">Sign Up<\/div><\/div><div class=\"iump-clear\"><\/div><\/div><\/div><\/div><div class=\"ihc-level-item\"><div class=\"ihc-level-item-wrap\"><div class=\"ihc-level-item-top\"><div class=\"ihc-level-item-title\">p\u0159\u00edstup k: Kvalita ve vz<\/div><\/div><div class=\"ihc-level-item-content\"><\/div><div class=\"ihc-level-item-bottom\"><div class=\"ihc-level-item-price\"><\/div><div class=\"ihc-level-item-link-wrap\"><div onclick=\"ihcBuyNewLevel('https:\/\/www.eprocurement.tv\/pl\/registrace\/?lid=15');\" class=\"ihc-level-item-link  ihc-cursor-pointer\">Sign Up<\/div><\/div><div class=\"iump-clear\"><\/div><\/div><\/div><\/div><div class=\"ihc-level-item\"><div class=\"ihc-level-item-wrap\"><div class=\"ihc-level-item-top\"><div class=\"ihc-level-item-title\">p\u0159istup k kurzu: VZ a medic\u00ednsk\u00e9 technologie<\/div><\/div><div class=\"ihc-level-item-content\"><\/div><div class=\"ihc-level-item-bottom\"><div class=\"ihc-level-item-price\"><\/div><div class=\"ihc-level-item-link-wrap\"><div onclick=\"ihcBuyNewLevel('https:\/\/www.eprocurement.tv\/pl\/registrace\/?lid=19');\" class=\"ihc-level-item-link  ihc-cursor-pointer\">Sign Up<\/div><\/div><div class=\"iump-clear\"><\/div><\/div><\/div><\/div><div class=\"ihc-level-item\"><div class=\"ihc-level-item-wrap\"><div class=\"ihc-level-item-top\"><div class=\"ihc-level-item-title\">P\u0159\u00edstup k: In\u0161pirat\u00edvne z\u00e1kazky - multipack<\/div><\/div><div class=\"ihc-level-item-content\"><\/div><div class=\"ihc-level-item-bottom\"><div class=\"ihc-level-item-price\"><\/div><div class=\"ihc-level-item-link-wrap\"><div onclick=\"ihcBuyNewLevel('https:\/\/www.eprocurement.tv\/pl\/registrace\/?lid=20');\" class=\"ihc-level-item-link  ihc-cursor-pointer\">Sign Up<\/div><\/div><div class=\"iump-clear\"><\/div><\/div><\/div><\/div><div class=\"ihc-level-item\"><div class=\"ihc-level-item-wrap\"><div class=\"ihc-level-item-top\"><div class=\"ihc-level-item-title\">pristup: Strategie n\u00e1kupu podle Ondreje Jomb\u00edka<\/div><\/div><div class=\"ihc-level-item-content\"><\/div><div class=\"ihc-level-item-bottom\"><div class=\"ihc-level-item-price\"><\/div><div class=\"ihc-level-item-link-wrap\"><div onclick=\"ihcBuyNewLevel('https:\/\/www.eprocurement.tv\/pl\/registrace\/?lid=32');\" class=\"ihc-level-item-link  ihc-cursor-pointer\">Sign Up<\/div><\/div><div class=\"iump-clear\"><\/div><\/div><\/div><\/div><div class=\"ihc-level-item\"><div class=\"ihc-level-item-wrap\"><div class=\"ihc-level-item-top\"><div class=\"ihc-level-item-title\">Prevence vzniku nedobytn\u00fdch pohled\u00e1vek<\/div><\/div><div class=\"ihc-level-item-content\"><\/div><div class=\"ihc-level-item-bottom\"><div class=\"ihc-level-item-price\"><\/div><div class=\"ihc-level-item-link-wrap\"><div onclick=\"ihcBuyNewLevel('https:\/\/www.eprocurement.tv\/pl\/registrace\/?lid=33');\" class=\"ihc-level-item-link  ihc-cursor-pointer\">Sign Up<\/div><\/div><div class=\"iump-clear\"><\/div><\/div><\/div><\/div><div class=\"ihc-level-item\"><div class=\"ihc-level-item-wrap\"><div class=\"ihc-level-item-top\"><div class=\"ihc-level-item-title\">Mala zakazka, take zak\u00e1zka<\/div><\/div><div class=\"ihc-level-item-content\"><\/div><div class=\"ihc-level-item-bottom\"><div class=\"ihc-level-item-price\"><\/div><div class=\"ihc-level-item-link-wrap\"><div onclick=\"ihcBuyNewLevel('https:\/\/www.eprocurement.tv\/pl\/registrace\/?lid=34');\" class=\"ihc-level-item-link  ihc-cursor-pointer\">Sign Up<\/div><\/div><div class=\"iump-clear\"><\/div><\/div><\/div><\/div><div class=\"ihc-level-item\"><div class=\"ihc-level-item-wrap\"><div class=\"ihc-level-item-top\"><div class=\"ihc-level-item-title\">Robotizace<\/div><\/div><div class=\"ihc-level-item-content\"><\/div><div class=\"ihc-level-item-bottom\"><div class=\"ihc-level-item-price\"><\/div><div class=\"ihc-level-item-link-wrap\"><div onclick=\"ihcBuyNewLevel('https:\/\/www.eprocurement.tv\/pl\/registrace\/?lid=35');\" class=\"ihc-level-item-link  ihc-cursor-pointer\">Sign Up<\/div><\/div><div class=\"iump-clear\"><\/div><\/div><\/div><\/div><div class=\"ihc-level-item\"><div class=\"ihc-level-item-wrap\"><div class=\"ihc-level-item-top\"><div class=\"ihc-level-item-title\">centralni nakup<\/div><\/div><div class=\"ihc-level-item-content\"><\/div><div class=\"ihc-level-item-bottom\"><div class=\"ihc-level-item-price\"><\/div><div class=\"ihc-level-item-link-wrap\"><div onclick=\"ihcBuyNewLevel('https:\/\/www.eprocurement.tv\/pl\/registrace\/?lid=36');\" class=\"ihc-level-item-link  ihc-cursor-pointer\">Sign Up<\/div><\/div><div class=\"iump-clear\"><\/div><\/div><\/div><\/div><div class=\"ihc-level-item\"><div class=\"ihc-level-item-wrap\"><div class=\"ihc-level-item-top\"><div class=\"ihc-level-item-title\">n\u00e1kupy l\u00e9k\u016f<\/div><\/div><div class=\"ihc-level-item-content\"><\/div><div class=\"ihc-level-item-bottom\"><div class=\"ihc-level-item-price\"><\/div><div class=\"ihc-level-item-link-wrap\"><div onclick=\"ihcBuyNewLevel('https:\/\/www.eprocurement.tv\/pl\/registrace\/?lid=37');\" class=\"ihc-level-item-link  ihc-cursor-pointer\">Sign Up<\/div><\/div><div class=\"iump-clear\"><\/div><\/div><\/div><\/div><div class=\"ihc-level-item\"><div class=\"ihc-level-item-wrap\"><div class=\"ihc-level-item-top\"><div class=\"ihc-level-item-title\">Obstruk\u010dn\u00ed chov\u00e1n\u00ed uchaze\u010d\u016f 1<\/div><\/div><div class=\"ihc-level-item-content\"><\/div><div class=\"ihc-level-item-bottom\"><div class=\"ihc-level-item-price\"><\/div><div class=\"ihc-level-item-link-wrap\"><div onclick=\"ihcBuyNewLevel('https:\/\/www.eprocurement.tv\/pl\/registrace\/?lid=38');\" class=\"ihc-level-item-link  ihc-cursor-pointer\">Sign Up<\/div><\/div><div class=\"iump-clear\"><\/div><\/div><\/div><\/div><div class=\"ihc-level-item\"><div class=\"ihc-level-item-wrap\"><div class=\"ihc-level-item-top\"><div class=\"ihc-level-item-title\">Obstruk\u010dn\u00ed chov\u00e1n\u00ed uchaze\u010d\u016f 2<\/div><\/div><div class=\"ihc-level-item-content\"><\/div><div class=\"ihc-level-item-bottom\"><div class=\"ihc-level-item-price\"><\/div><div class=\"ihc-level-item-link-wrap\"><div onclick=\"ihcBuyNewLevel('https:\/\/www.eprocurement.tv\/pl\/registrace\/?lid=39');\" class=\"ihc-level-item-link  ihc-cursor-pointer\">Sign Up<\/div><\/div><div class=\"iump-clear\"><\/div><\/div><\/div><\/div><div class=\"ihc-level-item\"><div class=\"ihc-level-item-wrap\"><div class=\"ihc-level-item-top\"><div class=\"ihc-level-item-title\">SPOU\u0160T\u00cdME KATALOG <\/div><\/div><div class=\"ihc-level-item-content\"><\/div><div class=\"ihc-level-item-bottom\"><div class=\"ihc-level-item-price\"><\/div><div class=\"ihc-level-item-link-wrap\"><div onclick=\"ihcBuyNewLevel('https:\/\/www.eprocurement.tv\/pl\/registrace\/?lid=40');\" class=\"ihc-level-item-link  ihc-cursor-pointer\">Sign Up<\/div><\/div><div class=\"iump-clear\"><\/div><\/div><\/div><\/div><div class=\"ihc-level-item\"><div class=\"ihc-level-item-wrap\"><div class=\"ihc-level-item-top\"><div class=\"ihc-level-item-title\">Chyby ve VZ<\/div><\/div><div class=\"ihc-level-item-content\"><\/div><div class=\"ihc-level-item-bottom\"><div class=\"ihc-level-item-price\"><\/div><div class=\"ihc-level-item-link-wrap\"><div onclick=\"ihcBuyNewLevel('https:\/\/www.eprocurement.tv\/pl\/registrace\/?lid=41');\" class=\"ihc-level-item-link  ihc-cursor-pointer\">Sign Up<\/div><\/div><div class=\"iump-clear\"><\/div><\/div><\/div><\/div><div class=\"ihc-level-item\"><div class=\"ihc-level-item-wrap\"><div class=\"ihc-level-item-top\"><div class=\"ihc-level-item-title\">contract management<\/div><\/div><div class=\"ihc-level-item-content\"><\/div><div class=\"ihc-level-item-bottom\"><div class=\"ihc-level-item-price\"><\/div><div class=\"ihc-level-item-link-wrap\"><div onclick=\"ihcBuyNewLevel('https:\/\/www.eprocurement.tv\/pl\/registrace\/?lid=42');\" class=\"ihc-level-item-link  ihc-cursor-pointer\">Sign Up<\/div><\/div><div class=\"iump-clear\"><\/div><\/div><\/div><\/div><div class=\"ihc-level-item\"><div class=\"ihc-level-item-wrap\"><div class=\"ihc-level-item-top\"><div class=\"ihc-level-item-title\">kurz-techniky efektivniho vyjednavani<\/div><\/div><div class=\"ihc-level-item-content\"><\/div><div class=\"ihc-level-item-bottom\"><div class=\"ihc-level-item-price\"><\/div><div class=\"ihc-level-item-link-wrap\"><div onclick=\"ihcBuyNewLevel('https:\/\/www.eprocurement.tv\/pl\/registrace\/?lid=43');\" class=\"ihc-level-item-link  ihc-cursor-pointer\">Sign Up<\/div><\/div><div class=\"iump-clear\"><\/div><\/div><\/div><\/div><div class=\"ihc-level-item\"><div class=\"ihc-level-item-wrap\"><div class=\"ihc-level-item-top\"><div class=\"ihc-level-item-title\">contract management test<\/div><\/div><div class=\"ihc-level-item-content\"><\/div><div class=\"ihc-level-item-bottom\"><div class=\"ihc-level-item-price\"><\/div><div class=\"ihc-level-item-link-wrap\"><div onclick=\"ihcBuyNewLevel('https:\/\/www.eprocurement.tv\/pl\/registrace\/?lid=44');\" class=\"ihc-level-item-link  ihc-cursor-pointer\">Sign Up<\/div><\/div><div class=\"iump-clear\"><\/div><\/div><\/div><\/div><div class=\"ihc-level-item\"><div class=\"ihc-level-item-wrap\"><div class=\"ihc-level-item-top\"><div class=\"ihc-level-item-title\">kurz business intelligence<\/div><\/div><div class=\"ihc-level-item-content\"><\/div><div class=\"ihc-level-item-bottom\"><div class=\"ihc-level-item-price\"><\/div><div class=\"ihc-level-item-link-wrap\"><div onclick=\"ihcBuyNewLevel('https:\/\/www.eprocurement.tv\/pl\/registrace\/?lid=45');\" class=\"ihc-level-item-link  ihc-cursor-pointer\">Sign Up<\/div><\/div><div class=\"iump-clear\"><\/div><\/div><\/div><\/div><\/div>","protected":false},"excerpt":{"rendered":"","protected":false},"author":5,"featured_media":0,"parent":0,"menu_order":0,"comment_status":"closed","ping_status":"closed","template":"","meta":{"_acf_changed":false,"inline_featured_image":false,"footnotes":""},"class_list":["post-13","page","type-page","status-publish","hentry"],"acf":[],"_links":{"self":[{"href":"https:\/\/www.eprocurement.tv\/pl\/wp-json\/wp\/v2\/pages\/13","targetHints":{"allow":["GET"]}}],"collection":[{"href":"https:\/\/www.eprocurement.tv\/pl\/wp-json\/wp\/v2\/pages"}],"about":[{"href":"https:\/\/www.eprocurement.tv\/pl\/wp-json\/wp\/v2\/types\/page"}],"author":[{"embeddable":true,"href":"https:\/\/www.eprocurement.tv\/pl\/wp-json\/wp\/v2\/users\/5"}],"replies":[{"embeddable":true,"href":"https:\/\/www.eprocurement.tv\/pl\/wp-json\/wp\/v2\/comments?post=13"}],"version-history":[{"count":1,"href":"https:\/\/www.eprocurement.tv\/pl\/wp-json\/wp\/v2\/pages\/13\/revisions"}],"predecessor-version":[{"id":4680,"href":"https:\/\/www.eprocurement.tv\/pl\/wp-json\/wp\/v2\/pages\/13\/revisions\/4680"}],"wp:attachment":[{"href":"https:\/\/www.eprocurement.tv\/pl\/wp-json\/wp\/v2\/media?parent=13"}],"curies":[{"name":"wp","href":"https:\/\/api.w.org\/{rel}","templated":true}]}}