{"id":4551,"date":"2023-10-14T11:52:37","date_gmt":"2023-10-14T09:52:37","guid":{"rendered":"https:\/\/eprocurement.marketing-pardubice.cz\/?page_id=4551"},"modified":"2026-04-16T11:22:06","modified_gmt":"2026-04-16T09:22:06","slug":"registrace","status":"publish","type":"page","link":"https:\/\/www.eprocurement.tv\/pl\/registrace\/","title":{"rendered":"Registrace"},"content":{"rendered":"<style>.kb-row-layout-id4551_0e7ff6-a1 > .kt-row-column-wrap{align-content:start;}:where(.kb-row-layout-id4551_0e7ff6-a1 > .kt-row-column-wrap) > .wp-block-kadence-column{justify-content:start;}.kb-row-layout-id4551_0e7ff6-a1 > .kt-row-column-wrap{column-gap:var(--global-kb-gap-md, 2rem);row-gap:var(--global-kb-gap-md, 2rem);max-width:var(--wp--style--global--content-size);padding-top:var(--global-kb-spacing-sm, 1.5rem);padding-bottom:var(--global-kb-spacing-sm, 1.5rem);grid-template-columns:minmax(0, calc(50% - ((var(--global-kb-gap-md, 2rem) * 1 )\/2)))minmax(0, calc(50% - ((var(--global-kb-gap-md, 2rem) * 1 )\/2)));}.kb-row-layout-id4551_0e7ff6-a1 > .kt-row-layout-overlay{opacity:0.30;}@media all and (max-width: 1024px){.kb-row-layout-id4551_0e7ff6-a1 > .kt-row-column-wrap{grid-template-columns:repeat(2, minmax(0, 1fr));}}@media all and (max-width: 767px){.kb-row-layout-id4551_0e7ff6-a1 > .kt-row-column-wrap{grid-template-columns:minmax(0, 1fr);}}<\/style><div class=\"kb-row-layout-wrap kb-row-layout-id4551_0e7ff6-a1 alignnone wp-block-kadence-rowlayout\"><div class=\"kt-row-column-wrap kt-has-2-columns kt-row-layout-equal kt-tab-layout-inherit kt-mobile-layout-row kt-row-valign-top kb-theme-content-width\">\n<style>.kadence-column4551_545b28-18 > .kt-inside-inner-col{display:flex;}.kadence-column4551_545b28-18 > .kt-inside-inner-col,.kadence-column4551_545b28-18 > .kt-inside-inner-col:before{border-top-left-radius:0px;border-top-right-radius:0px;border-bottom-right-radius:0px;border-bottom-left-radius:0px;}.kadence-column4551_545b28-18 > .kt-inside-inner-col{row-gap:var(--global-kb-gap-sm, 1rem);column-gap:var(--global-kb-gap-sm, 1rem);}.kadence-column4551_545b28-18 > .kt-inside-inner-col{flex-direction:column;}.kadence-column4551_545b28-18 > .kt-inside-inner-col > .aligncenter{width:100%;}.kadence-column4551_545b28-18 > .kt-inside-inner-col:before{opacity:0.3;}.kadence-column4551_545b28-18{position:relative;}@media all and (max-width: 1024px){.kadence-column4551_545b28-18 > .kt-inside-inner-col{flex-direction:column;justify-content:center;}}@media all and (max-width: 767px){.kadence-column4551_545b28-18 > .kt-inside-inner-col{flex-direction:column;justify-content:center;}}<\/style>\n<div class=\"wp-block-kadence-column kadence-column4551_545b28-18\"><div class=\"kt-inside-inner-col\">\n<h3 class=\"wp-block-heading\">Registrace<\/h3>\n\n\n\n            <p class=\"text-left text-sm\">U\u017e m\u00e1te \u00fa\u010det? <a href=\"https:\/\/www.eprocurement.tv\/pl\/prihlaseni\/\" class=\"text-blue hover:!underline font-semibold\">Zaloguj sie<\/a><\/p>\n    \n\n    <form method=\"post\" class=\"woocommerce-form woocommerce-form-register register flex flex-col items-start gap-2\" action=\"\"  >\n\n        \n        \n        <div class=\"flex flex-col gap-2 w-full max-w-sm\">\n            <label for=\"reg_email\" class=\"text-sm\">\n                Adres e-mail&nbsp;<span class=\"required\" aria-hidden=\"true\">*<\/span><span class=\"screen-reader-text\" data-no-translation=\"\" data-trp-gettext=\"\">Wymagane<\/span>\n            <\/label>\n            <input type=\"email\" class=\"bg-white border border-gray-300 text-black text-sm rounded-full focus:ring-blue focus:border-blue block w-full p-2.5\" name=\"email\" id=\"reg_email\" autocomplete=\"email\"\n                   value=\"\" required aria-required=\"true\" \/>                            <p class=\"text-xs mt-1 text-white\/80\" data-no-translation=\"\" data-trp-gettext=\"\">Na adres e-mail zostanie wys\u0142any odno\u015bnik do ustawienia nowego has\u0142a.<\/p>\n                    <\/div>\n\n        \n        <p class=\"!text-xs\">\n            <div class=\"flex flex-col gap-2 w-full max-w-sm\">\n\t\t<label for=\"reg_billing_first_name\" class=\"text-sm\">Imi\u0119 <span class=\"required\">*<\/span><\/label>\n\t\t<input type=\"text\" name=\"billing_first_name\" id=\"reg_billing_first_name\"  class=\"bg-white border border-gray-300 text-black text-sm rounded-full focus:ring-blue focus:border-blue block w-full p-2.5\" value=\"\" required>\n    <\/div>\n\n    <div class=\"flex flex-col gap-2 w-full max-w-sm\">\n\t\t<label for=\"reg_billing_last_name\" class=\"text-sm\">Nazwisko <span class=\"required\">*<\/span><\/label>\n\t\t<input type=\"text\" name=\"billing_last_name\" id=\"reg_billing_last_name\"  class=\"bg-white border border-gray-300 text-black text-sm rounded-full focus:ring-blue focus:border-blue block w-full p-2.5\" value=\"\" required>\n    <\/div>\n\n\t<div class=\"clear\"><\/div>\n\t<wc-order-attribution-inputs><\/wc-order-attribution-inputs><div class=\"woocommerce-privacy-policy-text\"><\/div>        <\/p>\n        <p class=\"woocommerce-form-row form-row\">\n            <input type=\"hidden\" id=\"woocommerce-register-nonce\" name=\"woocommerce-register-nonce\" value=\"be3919ff2e\" \/><input type=\"hidden\" name=\"_wp_http_referer\" value=\"\/pl\/wp-json\/wp\/v2\/pages\/4551\" \/>            <button type=\"submit\"\n                    class=\"bg-blue hover:bg-miscellaneous rounded-full py-2.5 px-6 text-sm font-semibold cursor-pointer\"\n                    name=\"register\" value=\"Zarejestruj si\u0119\" data-no-translation=\"\" data-trp-gettext=\"\" data-no-translation-value=\"\">Zarejestruj si\u0119<\/button>\n        <\/p>\n\n        \n    <input type=\"hidden\" name=\"trp-form-language\" value=\"pl\"\/><\/form>\n\n    \n<\/div><\/div>\n\n\n<style>.kadence-column4551_7f83c2-1a > .kt-inside-inner-col{display:flex;}.kadence-column4551_7f83c2-1a > .kt-inside-inner-col,.kadence-column4551_7f83c2-1a > .kt-inside-inner-col:before{border-top-left-radius:0px;border-top-right-radius:0px;border-bottom-right-radius:0px;border-bottom-left-radius:0px;}.kadence-column4551_7f83c2-1a > .kt-inside-inner-col{column-gap:var(--global-kb-gap-sm, 1rem);}.kadence-column4551_7f83c2-1a > .kt-inside-inner-col{flex-direction:column;align-items:flex-end;}.kadence-column4551_7f83c2-1a > .kt-inside-inner-col > .kb-image-is-ratio-size{align-self:stretch;}.kadence-column4551_7f83c2-1a > .kt-inside-inner-col > .wp-block-kadence-advancedgallery{align-self:stretch;}.kadence-column4551_7f83c2-1a > .kt-inside-inner-col > .aligncenter{width:100%;}.kadence-column4551_7f83c2-1a > .kt-inside-inner-col:before{opacity:0.3;}.kadence-column4551_7f83c2-1a{position:relative;}.kadence-column4551_7f83c2-1a, .kt-inside-inner-col > .kadence-column4551_7f83c2-1a:not(.specificity){margin-left:0px;}@media all and (max-width: 1024px){.kadence-column4551_7f83c2-1a > .kt-inside-inner-col{flex-direction:column;justify-content:center;align-items:flex-end;}}@media all and (max-width: 767px){.kadence-column4551_7f83c2-1a > .kt-inside-inner-col{flex-direction:column;justify-content:center;align-items:flex-end;}}<\/style>\n<div class=\"wp-block-kadence-column kadence-column4551_7f83c2-1a\"><div class=\"kt-inside-inner-col\"><\/div><\/div>\n\n<\/div><\/div>\n\n\n<p><\/p>","protected":false},"excerpt":{"rendered":"<p>Registrace Po\u0159i\u010fte si p\u0159edplacen\u00fd \u00fa\u010det Zakoupen\u00edm p\u0159edplacen\u00e9ho \u00fa\u010dtu budete m\u00edt p\u0159\u00edstup ke v\u0161em vide\u00edm a podcast\u016fm v archivu eProcurement TV.<\/p>","protected":false},"author":5,"featured_media":0,"parent":0,"menu_order":0,"comment_status":"closed","ping_status":"closed","template":"","meta":{"_acf_changed":false,"inline_featured_image":false,"footnotes":""},"class_list":["post-4551","page","type-page","status-publish","hentry"],"acf":[],"_links":{"self":[{"href":"https:\/\/www.eprocurement.tv\/pl\/wp-json\/wp\/v2\/pages\/4551","targetHints":{"allow":["GET"]}}],"collection":[{"href":"https:\/\/www.eprocurement.tv\/pl\/wp-json\/wp\/v2\/pages"}],"about":[{"href":"https:\/\/www.eprocurement.tv\/pl\/wp-json\/wp\/v2\/types\/page"}],"author":[{"embeddable":true,"href":"https:\/\/www.eprocurement.tv\/pl\/wp-json\/wp\/v2\/users\/5"}],"replies":[{"embeddable":true,"href":"https:\/\/www.eprocurement.tv\/pl\/wp-json\/wp\/v2\/comments?post=4551"}],"version-history":[{"count":15,"href":"https:\/\/www.eprocurement.tv\/pl\/wp-json\/wp\/v2\/pages\/4551\/revisions"}],"predecessor-version":[{"id":13513,"href":"https:\/\/www.eprocurement.tv\/pl\/wp-json\/wp\/v2\/pages\/4551\/revisions\/13513"}],"wp:attachment":[{"href":"https:\/\/www.eprocurement.tv\/pl\/wp-json\/wp\/v2\/media?parent=4551"}],"curies":[{"name":"wp","href":"https:\/\/api.w.org\/{rel}","templated":true}]}}