{"id":4681,"date":"2023-10-16T08:11:01","date_gmt":"2023-10-16T06:11:01","guid":{"rendered":"https:\/\/eprocurement.marketing-pardubice.cz\/?page_id=4681"},"modified":"2023-11-12T15:12:51","modified_gmt":"2023-11-12T14:12:51","slug":"jen-pro-predplatitele","status":"publish","type":"page","link":"https:\/\/www.eprocurement.tv\/pl\/jen-pro-predplatitele\/","title":{"rendered":"Jen pro p\u0159edplatitele"},"content":{"rendered":"<style>\/*! elementor - v3.17.0 - 25-10-2023 *\/\n.elementor-heading-title{padding:0;margin:0;line-height:1}.elementor-widget-heading .elementor-heading-title[class*=elementor-size-]>a{color:inherit;font-size:inherit;line-height:inherit}.elementor-widget-heading .elementor-heading-title.elementor-size-small{font-size:15px}.elementor-widget-heading .elementor-heading-title.elementor-size-medium{font-size:19px}.elementor-widget-heading .elementor-heading-title.elementor-size-large{font-size:29px}.elementor-widget-heading .elementor-heading-title.elementor-size-xl{font-size:39px}.elementor-widget-heading .elementor-heading-title.elementor-size-xxl{font-size:59px}<\/style><h1>Jen pro p\u0159edplatitele<\/h1>\t\t\n\t\t<p><\/p>\n<p><strong>Nov\u00e1 videa a premi\u00e9ry jsou p\u0159\u00edstupn\u00e9 registrovan\u00fdm u\u017eivatel\u016fm zdarma. Filmot\u00e9ka, kter\u00e1 obsahuje v\u0161echny historick\u00e1 videa je p\u0159\u00edstupn\u00e1 pouze s aktivovan\u00fdm p\u0159edplatn\u00fdm<\/strong><br \/>P\u0159edplatn\u00e9 aktivujete\u00a0<a href=\"http:\/\/eprocurement.tv\/muj-ucet\/\" data-type=\"page\" data-id=\"9\">ZDE<\/a><\/p>\n<p><\/p>\t\t\n\t\t\t<a href=\"http:\/\/eprocurement.tv\/muj-ucet\/\">\n\t\t\t\t\t\tObjedn\u00e1vka p\u0159edplatn\u00e9ho\n\t\t\t\t\t<\/a>\n\t\t\t<style>\/*! elementor - v3.17.0 - 25-10-2023 *\/\n.elementor-column .elementor-spacer-inner{height:var(--spacer-size)}.e-con{--container-widget-width:100%}.e-con-inner>.elementor-widget-spacer,.e-con>.elementor-widget-spacer{width:var(--container-widget-width,var(--spacer-size));--align-self:var(--container-widget-align-self,initial);--flex-shrink:0}.e-con-inner>.elementor-widget-spacer>.elementor-widget-container,.e-con>.elementor-widget-spacer>.elementor-widget-container{height:100%;width:100%}.e-con-inner>.elementor-widget-spacer>.elementor-widget-container>.elementor-spacer,.e-con>.elementor-widget-spacer>.elementor-widget-container>.elementor-spacer{height:100%}.e-con-inner>.elementor-widget-spacer>.elementor-widget-container>.elementor-spacer>.elementor-spacer-inner,.e-con>.elementor-widget-spacer>.elementor-widget-container>.elementor-spacer>.elementor-spacer-inner{height:var(--container-widget-height,var(--spacer-size))}.e-con-inner>.elementor-widget-spacer.elementor-widget-empty,.e-con>.elementor-widget-spacer.elementor-widget-empty{position:relative;min-height:22px;min-width:22px}.e-con-inner>.elementor-widget-spacer.elementor-widget-empty .elementor-widget-empty-icon,.e-con>.elementor-widget-spacer.elementor-widget-empty .elementor-widget-empty-icon{position:absolute;top:0;bottom:0;left:0;right:0;margin:auto;padding:0;width:22px;height:22px}<\/style>","protected":false},"excerpt":{"rendered":"<p>Jen pro p\u0159edplatitele Nov\u00e1 videa a premi\u00e9ry jsou p\u0159\u00edstupn\u00e9 registrovan\u00fdm u\u017eivatel\u016fm zdarma. Filmot\u00e9ka, kter\u00e1 obsahuje v\u0161echny historick\u00e1 videa je p\u0159\u00edstupn\u00e1 pouze s aktivovan\u00fdm p\u0159edplatn\u00fdmP\u0159edplatn\u00e9 aktivujete\u00a0ZDE Objedn\u00e1vka p\u0159edplatn\u00e9ho<\/p>","protected":false},"author":5,"featured_media":0,"parent":0,"menu_order":0,"comment_status":"closed","ping_status":"closed","template":"","meta":{"_acf_changed":false,"inline_featured_image":false,"footnotes":""},"class_list":["post-4681","page","type-page","status-publish","hentry"],"acf":[],"_links":{"self":[{"href":"https:\/\/www.eprocurement.tv\/pl\/wp-json\/wp\/v2\/pages\/4681","targetHints":{"allow":["GET"]}}],"collection":[{"href":"https:\/\/www.eprocurement.tv\/pl\/wp-json\/wp\/v2\/pages"}],"about":[{"href":"https:\/\/www.eprocurement.tv\/pl\/wp-json\/wp\/v2\/types\/page"}],"author":[{"embeddable":true,"href":"https:\/\/www.eprocurement.tv\/pl\/wp-json\/wp\/v2\/users\/5"}],"replies":[{"embeddable":true,"href":"https:\/\/www.eprocurement.tv\/pl\/wp-json\/wp\/v2\/comments?post=4681"}],"version-history":[{"count":46,"href":"https:\/\/www.eprocurement.tv\/pl\/wp-json\/wp\/v2\/pages\/4681\/revisions"}],"predecessor-version":[{"id":7132,"href":"https:\/\/www.eprocurement.tv\/pl\/wp-json\/wp\/v2\/pages\/4681\/revisions\/7132"}],"wp:attachment":[{"href":"https:\/\/www.eprocurement.tv\/pl\/wp-json\/wp\/v2\/media?parent=4681"}],"curies":[{"name":"wp","href":"https:\/\/api.w.org\/{rel}","templated":true}]}}